{"id":39,"date":"2023-01-16T13:14:25","date_gmt":"2023-01-16T13:14:25","guid":{"rendered":"https:\/\/ski-holidays-austria.com\/about-us\/"},"modified":"2023-08-04T15:36:23","modified_gmt":"2023-08-04T15:36:23","slug":"om-oss","status":"publish","type":"page","link":"https:\/\/ski-holidays-austria.com\/sv\/about-us\/","title":{"rendered":"Om oss"},"content":{"rendered":"<p>V\u00e5rt team \u00e4r ett av de mest passionerade och kunniga om den \u00f6sterrikiska skidscenen som du n\u00e5gonsin kan st\u00f6ta p\u00e5. Denna passion kommer fr\u00e5n v\u00e5r djupa k\u00e4rlek till \u00d6sterrike, dess sn\u00f6kl\u00e4dda toppar och den adrenalinkick som kommer n\u00e4r man susar nerf\u00f6r dessa magnifika backar. Med <strong>\u00e5r av erfarenhet<\/strong> Vi \u00e4r redo att hj\u00e4lpa dig att navigera i den sp\u00e4nnande v\u00e4rlden av skidsemestrar i \u00d6sterrike.<\/p>\n\n\n\n<figure class=\"wp-block-image size-large\"><img loading=\"lazy\" decoding=\"async\" width=\"1024\" height=\"680\" src=\"https:\/\/ski-holidays-austria.com\/wp-content\/uploads\/chairlift-on-the-slopes-1024x680.webp\" alt=\"Sessellift\" class=\"wp-image-6891\" srcset=\"https:\/\/ski-holidays-austria.com\/wp-content\/uploads\/\/chairlift-on-the-slopes-1024x680.webp 1024w, https:\/\/ski-holidays-austria.com\/wp-content\/uploads\/\/chairlift-on-the-slopes-300x199.webp 300w, https:\/\/ski-holidays-austria.com\/wp-content\/uploads\/\/chairlift-on-the-slopes-768x510.webp 768w, https:\/\/ski-holidays-austria.com\/wp-content\/uploads\/\/chairlift-on-the-slopes-1536x1020.webp 1536w, https:\/\/ski-holidays-austria.com\/wp-content\/uploads\/\/chairlift-on-the-slopes-2048x1360.webp 2048w, https:\/\/ski-holidays-austria.com\/wp-content\/uploads\/\/chairlift-on-the-slopes-18x12.webp 18w, https:\/\/ski-holidays-austria.com\/wp-content\/uploads\/\/chairlift-on-the-slopes-scaled.webp 1920w\" sizes=\"auto, (max-width: 1024px) 100vw, 1024px\" \/><\/figure>\n\n\n\n<p>F\u00f6r m\u00e5nga \u00e4r \u00d6sterrike mer \u00e4n bara ett resm\u00e5l, det \u00e4r en <strong>Mecka f\u00f6r skidentusiaster<\/strong>. Men vi tror att det erbjuder s\u00e5 mycket mer \u00e4n bara sp\u00e4nnande skidbackar. F\u00f6rest\u00e4ll dig att du tillbringar dagarna omgiven av fantastiska bergslandskap, charmiga autentiska alpbyar och en m\u00e4ngd olika vinteraktiviteter som passar alla. Och l\u00e5t oss inte gl\u00f6mma den fantastiska afterskin - det finns inget b\u00e4ttre \u00e4n att avsluta en dag i backen med en varm drink och lite livemusik i en mysig fj\u00e4llstuga.<\/p>\n\n\n\n<h2 class=\"wp-block-heading\">Om v\u00e5rt unga team<\/h2>\n\n\n\n<p>V\u00e5rt team \u00e4r en <strong>sammansvetsad grupp av passionerade individer<\/strong> som \u00e4r mer \u00e4n bara anst\u00e4llda - vi \u00e4r entusiastiska skid\u00e5kare, vandrare och \u00e4lskare av allt \u00f6sterrikiskt. V\u00e5r djupa f\u00f6rst\u00e5else och uppskattning f\u00f6r vintersport och det hisnande \u00f6sterrikiska landskapet g\u00f6r oss till de perfekta guiderna f\u00f6r din skidsemester. Vi har gjort det till v\u00e5rt uppdrag att hj\u00e4lpa andra att uppleva den sp\u00e4nning, gl\u00e4dje och sk\u00f6nhet som vi s\u00e5 ofta njuter av.<\/p>\n\n\n\n<figure class=\"wp-block-image size-large\"><img loading=\"lazy\" decoding=\"async\" width=\"1024\" height=\"768\" src=\"https:\/\/ski-holidays-austria.com\/wp-content\/uploads\/arlberg-ski-area-in-lech-1024x768.webp\" alt=\"Panoramautsikt \u00f6ver pister, skidbackar och berg i den \u00e4dla skidorten Lech Zuers, en del av skidomr\u00e5det Arlberg. Vorarlberg, \u00d6sterrike.\" class=\"wp-image-6349\" srcset=\"https:\/\/ski-holidays-austria.com\/wp-content\/uploads\/\/arlberg-ski-area-in-lech-1024x768.webp 1024w, https:\/\/ski-holidays-austria.com\/wp-content\/uploads\/\/arlberg-ski-area-in-lech-300x225.webp 300w, https:\/\/ski-holidays-austria.com\/wp-content\/uploads\/\/arlberg-ski-area-in-lech-768x576.webp 768w, https:\/\/ski-holidays-austria.com\/wp-content\/uploads\/\/arlberg-ski-area-in-lech-1536x1152.webp 1536w, https:\/\/ski-holidays-austria.com\/wp-content\/uploads\/\/arlberg-ski-area-in-lech-2048x1536.webp 2048w, https:\/\/ski-holidays-austria.com\/wp-content\/uploads\/\/arlberg-ski-area-in-lech-16x12.webp 16w, https:\/\/ski-holidays-austria.com\/wp-content\/uploads\/\/arlberg-ski-area-in-lech-scaled.webp 1920w\" sizes=\"auto, (max-width: 1024px) 100vw, 1024px\" \/><\/figure>\n\n\n\n<p>Vi g\u00f6r din skidsemester till en barnlek <strong>genom att ta hand om alla de sm\u00e5 detaljerna<\/strong>. Fr\u00e5n att boka boende som passar din stil och budget till att tillhandah\u00e5lla detaljerade, personliga resplaner som maximerar din semesterupplevelse. Med oss beh\u00f6ver du inte oroa dig f\u00f6r liftkort, transfer eller n\u00e5gon annan logistik - vi har koll p\u00e5 allt. Dessutom finns vi alltid till hands med support dygnet runt f\u00f6r att se till att din skidsemester g\u00e5r som smort.<\/p>\n\n\n\n<h2 class=\"wp-block-heading\">Kom och utforska med skidsemester \u00d6sterrike<\/h2>\n\n\n\n<p>Sp\u00e4nnande landskap, v\u00e4lkomnande byar, rika traditioner och hisnande skidbackar - det \u00e4r vad \u00d6sterrike handlar om. Vi inbjuder dig hj\u00e4rtligt att utforska de olika <a href=\"https:\/\/ski-holidays-austria.com\/sv\/\">Skidsemester i \u00d6sterrike<\/a> som vi har sammanst\u00e4llt \u00e5t dig.&nbsp;<\/p>\n\n\n\n<p>Varje paket \u00e4r utformat med stor omsorg och en djup f\u00f6rst\u00e5else f\u00f6r vad som g\u00f6r en skidsemester verkligt of\u00f6rgl\u00f6mlig. Oavsett om du \u00e4r ett erfaret proffs som letar efter nya utmaningar eller en nyb\u00f6rjare som s\u00e4tter sin fot i backen f\u00f6r f\u00f6rsta g\u00e5ngen, s\u00e5 har v\u00e5rt utbud n\u00e5got f\u00f6r alla.<\/p>\n\n\n\n<p>H\u00e4r \u00e4r n\u00e5gra andra id\u00e9er f\u00f6r skidresor:<\/p>\n\n\n\n<ul class=\"wp-block-list\">\n<li><a href=\"https:\/\/sloveniaskiholidays.com\/\">Slovenien Skidsemester<\/a><\/li>\n\n\n\n<li><a href=\"https:\/\/skiholidaysdolomites.com\/\">Skidsemester Dolomiterna<\/a><\/li>\n\n\n\n<li><a href=\"https:\/\/skiholidaysitaly.com\/\">Skidsemester Italien<\/a><\/li>\n<\/ul>","protected":false},"excerpt":{"rendered":"<p>V\u00e5rt team \u00e4r ett av de mest passionerade och kunniga om den \u00f6sterrikiska skidscenen som du n\u00e5gonsin kan st\u00f6ta p\u00e5. Denna passion kommer fr\u00e5n v\u00e5r djupa k\u00e4rlek till \u00d6sterrike, dess sn\u00f6kl\u00e4dda toppar och adrenalinkicken som kommer n\u00e4r man susar nerf\u00f6r dessa magnifika backar. Med m\u00e5nga \u00e5rs erfarenhet av att utforska sn\u00f6iga sp\u00e5r \u00e4r vi redo att ... <a href=\"https:\/\/ski-holidays-austria.com\/sv\/about-us\/\">Forts\u00e4ttning<\/a><\/p>","protected":false},"author":38,"featured_media":6858,"parent":0,"menu_order":0,"comment_status":"open","ping_status":"open","template":"","meta":{"_acf_changed":false,"footnotes":""},"class_list":["post-39","page","type-page","status-publish","has-post-thumbnail","hentry"],"acf":{"page_subheading":"Meet the passionate team at Ski Holidays Austria \u2014 your expert guides committed to delivering ski adventures and personalised experiences in Austria."},"_links":{"self":[{"href":"https:\/\/ski-holidays-austria.com\/sv\/wp-json\/wp\/v2\/pages\/39","targetHints":{"allow":["GET"]}}],"collection":[{"href":"https:\/\/ski-holidays-austria.com\/sv\/wp-json\/wp\/v2\/pages"}],"about":[{"href":"https:\/\/ski-holidays-austria.com\/sv\/wp-json\/wp\/v2\/types\/page"}],"author":[{"embeddable":true,"href":"https:\/\/ski-holidays-austria.com\/sv\/wp-json\/wp\/v2\/users\/38"}],"replies":[{"embeddable":true,"href":"https:\/\/ski-holidays-austria.com\/sv\/wp-json\/wp\/v2\/comments?post=39"}],"version-history":[{"count":6,"href":"https:\/\/ski-holidays-austria.com\/sv\/wp-json\/wp\/v2\/pages\/39\/revisions"}],"predecessor-version":[{"id":7163,"href":"https:\/\/ski-holidays-austria.com\/sv\/wp-json\/wp\/v2\/pages\/39\/revisions\/7163"}],"wp:featuredmedia":[{"embeddable":true,"href":"https:\/\/ski-holidays-austria.com\/sv\/wp-json\/wp\/v2\/media\/6858"}],"wp:attachment":[{"href":"https:\/\/ski-holidays-austria.com\/sv\/wp-json\/wp\/v2\/media?parent=39"}],"curies":[{"name":"wp","href":"https:\/\/api.w.org\/{rel}","templated":true}]}}