{"id":39,"date":"2023-01-16T13:14:25","date_gmt":"2023-01-16T13:14:25","guid":{"rendered":"https:\/\/ski-holidays-austria.com\/about-us\/"},"modified":"2023-08-04T15:36:23","modified_gmt":"2023-08-04T15:36:23","slug":"o-nas","status":"publish","type":"page","link":"https:\/\/ski-holidays-austria.com\/pl\/about-us\/","title":{"rendered":"O nas"},"content":{"rendered":"<p>Nasz zesp\u00f3\u0142 jest jednym z najbardziej pasjonuj\u0105cych i posiadaj\u0105cych najwi\u0119ksz\u0105 wiedz\u0119 na temat austriackiej sceny narciarskiej. Ta pasja emanuje z naszej g\u0142\u0119bokiej mi\u0142o\u015bci do Austrii, jej o\u015bnie\u017conych szczyt\u00f3w i przyp\u0142ywu adrenaliny, kt\u00f3ry towarzyszy zje\u017cd\u017caniu po tych wspania\u0142ych stokach. Z <strong>lat do\u015bwiadczenia<\/strong> Eksploruj\u0105c za\u015bnie\u017cone szlaki, jeste\u015bmy przygotowani, aby pom\u00f3c Ci porusza\u0107 si\u0119 po tym ekscytuj\u0105cym \u015bwiecie wakacji na nartach w Austrii.<\/p>\n\n\n\n<figure class=\"wp-block-image size-large\"><img loading=\"lazy\" decoding=\"async\" width=\"1024\" height=\"680\" src=\"https:\/\/ski-holidays-austria.com\/wp-content\/uploads\/chairlift-on-the-slopes-1024x680.webp\" alt=\"Sessellift\" class=\"wp-image-6891\" srcset=\"https:\/\/ski-holidays-austria.com\/wp-content\/uploads\/\/chairlift-on-the-slopes-1024x680.webp 1024w, https:\/\/ski-holidays-austria.com\/wp-content\/uploads\/\/chairlift-on-the-slopes-300x199.webp 300w, https:\/\/ski-holidays-austria.com\/wp-content\/uploads\/\/chairlift-on-the-slopes-768x510.webp 768w, https:\/\/ski-holidays-austria.com\/wp-content\/uploads\/\/chairlift-on-the-slopes-1536x1020.webp 1536w, https:\/\/ski-holidays-austria.com\/wp-content\/uploads\/\/chairlift-on-the-slopes-2048x1360.webp 2048w, https:\/\/ski-holidays-austria.com\/wp-content\/uploads\/\/chairlift-on-the-slopes-18x12.webp 18w, https:\/\/ski-holidays-austria.com\/wp-content\/uploads\/\/chairlift-on-the-slopes-scaled.webp 1920w\" sizes=\"auto, (max-width: 1024px) 100vw, 1024px\" \/><\/figure>\n\n\n\n<p>Dla wielu Austria jest czym\u015b wi\u0119cej ni\u017c tylko celem podr\u00f3\u017cy. <strong>Mekka dla mi\u0142o\u015bnik\u00f3w narciarstwa<\/strong>. Ale wierzymy, \u017ce oferuje o wiele wi\u0119cej ni\u017c tylko ekscytuj\u0105ce trasy narciarskie. Wyobra\u017a sobie, \u017ce sp\u0119dzasz dni w otoczeniu osza\u0142amiaj\u0105cych g\u00f3rskich krajobraz\u00f3w, uroczych, autentycznych alpejskich wiosek i r\u00f3\u017cnorodnych zimowych aktywno\u015bci, kt\u00f3re zaspokoj\u0105 potrzeby ka\u017cdego. I nie zapominajmy o fantastycznym apr\u00e8s-ski - nie ma nic lepszego ni\u017c zako\u0144czenie dnia na stoku przy ciep\u0142ym drinku i muzyce na \u017cywo w przytulnej g\u00f3rskiej chacie.<\/p>\n\n\n\n<h2 class=\"wp-block-heading\">O naszym m\u0142odym zespole<\/h2>\n\n\n\n<p>Nasz zesp\u00f3\u0142 to <strong>Zgrana grupa pasjonat\u00f3w<\/strong> kt\u00f3rzy s\u0105 kim\u015b wi\u0119cej ni\u017c tylko pracownikami - jeste\u015bmy entuzjastycznymi narciarzami, w\u0119drowcami i mi\u0142o\u015bnikami wszystkiego, co austriackie. Nasze g\u0142\u0119bokie zrozumienie i uznanie dla sport\u00f3w zimowych i zapieraj\u0105cego dech w piersiach austriackiego krajobrazu sprawiaj\u0105, \u017ce jeste\u015bmy idealnymi przewodnikami na wakacje na nartach. Nasz\u0105 misj\u0105 jest pomaganie innym w do\u015bwiadczaniu emocji, zabawy i pi\u0119kna, kt\u00f3rym tak cz\u0119sto si\u0119 oddajemy.<\/p>\n\n\n\n<figure class=\"wp-block-image size-large\"><img loading=\"lazy\" decoding=\"async\" width=\"1024\" height=\"768\" src=\"https:\/\/ski-holidays-austria.com\/wp-content\/uploads\/arlberg-ski-area-in-lech-1024x768.webp\" alt=\"Panoramiczny widok na stoki narciarskie, stoki narciarskie i g\u00f3ry szlachetnego o\u015brodka narciarskiego Lech Zuers, cz\u0119\u015b\u0107 obszaru narciarskiego Arlberg. Vorarlberg, Austria.\" class=\"wp-image-6349\" srcset=\"https:\/\/ski-holidays-austria.com\/wp-content\/uploads\/\/arlberg-ski-area-in-lech-1024x768.webp 1024w, https:\/\/ski-holidays-austria.com\/wp-content\/uploads\/\/arlberg-ski-area-in-lech-300x225.webp 300w, https:\/\/ski-holidays-austria.com\/wp-content\/uploads\/\/arlberg-ski-area-in-lech-768x576.webp 768w, https:\/\/ski-holidays-austria.com\/wp-content\/uploads\/\/arlberg-ski-area-in-lech-1536x1152.webp 1536w, https:\/\/ski-holidays-austria.com\/wp-content\/uploads\/\/arlberg-ski-area-in-lech-2048x1536.webp 2048w, https:\/\/ski-holidays-austria.com\/wp-content\/uploads\/\/arlberg-ski-area-in-lech-16x12.webp 16w, https:\/\/ski-holidays-austria.com\/wp-content\/uploads\/\/arlberg-ski-area-in-lech-scaled.webp 1920w\" sizes=\"auto, (max-width: 1024px) 100vw, 1024px\" \/><\/figure>\n\n\n\n<p>Sprawiamy, \u017ce wakacje na nartach s\u0105 dziecinnie proste <strong>dbaj\u0105c o wszystkie najdrobniejsze szczeg\u00f3\u0142y<\/strong>. Od rezerwacji zakwaterowania, kt\u00f3re pasuje do Twojego stylu i bud\u017cetu, po dostarczanie szczeg\u00f3\u0142owych, spersonalizowanych plan\u00f3w podr\u00f3\u017cy, kt\u00f3re zmaksymalizuj\u0105 Twoje wra\u017cenia z wakacji. Z nami nie musisz martwi\u0107 si\u0119 o karnety narciarskie, transfery czy jak\u0105kolwiek logistyk\u0119 - mamy wszystko pod kontrol\u0105. Ponadto, zawsze jeste\u015bmy pod r\u0119k\u0105 z ca\u0142odobowym wsparciem, aby zapewni\u0107, \u017ce Twoje wakacje na nartach przebiegn\u0105 bez zak\u0142\u00f3ce\u0144.<\/p>\n\n\n\n<h2 class=\"wp-block-heading\">Przyjed\u017a i odkrywaj z urlopem narciarskim w Austrii<\/h2>\n\n\n\n<p>Intryguj\u0105ce krajobrazy, go\u015bcinne wioski, bogate tradycje i zapieraj\u0105ce dech w piersiach stoki narciarskie - taka w\u0142a\u015bnie jest Austria. Serdecznie zapraszamy do zapoznania si\u0119 z r\u00f3\u017cnorodno\u015bci\u0105 <a href=\"https:\/\/ski-holidays-austria.com\/pl\/\">Urlop narciarski w Austrii<\/a> kt\u00f3re dla Ciebie przygotowali\u015bmy.&nbsp;<\/p>\n\n\n\n<p>Ka\u017cdy pakiet jest tworzony z wielk\u0105 staranno\u015bci\u0105 i g\u0142\u0119bokim zrozumieniem tego, co sprawia, \u017ce wakacje na nartach s\u0105 naprawd\u0119 niezapomniane. Niezale\u017cnie od tego, czy jeste\u015b do\u015bwiadczonym profesjonalist\u0105 szukaj\u0105cym nowych wyzwa\u0144, czy pocz\u0105tkuj\u0105cym, kt\u00f3ry po raz pierwszy stawia stop\u0119 na stoku, nasza oferta obiecuje co\u015b dla ka\u017cdego.<\/p>\n\n\n\n<p>Oto kilka innych pomys\u0142\u00f3w na wypad na narty:<\/p>\n\n\n\n<ul class=\"wp-block-list\">\n<li><a href=\"https:\/\/sloveniaskiholidays.com\/\">Urlop na nartach w S\u0142owenii<\/a><\/li>\n\n\n\n<li><a href=\"https:\/\/skiholidaysdolomites.com\/\">Urlop narciarski Dolomity<\/a><\/li>\n\n\n\n<li><a href=\"https:\/\/skiholidaysitaly.com\/\">Urlop narciarski W\u0142ochy<\/a><\/li>\n<\/ul>","protected":false},"excerpt":{"rendered":"<p>Nasz zesp\u00f3\u0142 jest jednym z najbardziej pasjonuj\u0105cych i posiadaj\u0105cych najwi\u0119ksz\u0105 wiedz\u0119 na temat austriackiej sceny narciarskiej. Ta pasja emanuje z naszej g\u0142\u0119bokiej mi\u0142o\u015bci do Austrii, jej o\u015bnie\u017conych szczyt\u00f3w i przyp\u0142ywu adrenaliny, kt\u00f3ry towarzyszy zje\u017cd\u017caniu po tych wspania\u0142ych stokach. Dzi\u0119ki wieloletniemu do\u015bwiadczeniu w odkrywaniu za\u015bnie\u017conych szlak\u00f3w, jeste\u015bmy gotowi ... <a href=\"https:\/\/ski-holidays-austria.com\/pl\/about-us\/\">Ci\u0105g dalszy<\/a><\/p>","protected":false},"author":38,"featured_media":6858,"parent":0,"menu_order":0,"comment_status":"open","ping_status":"open","template":"","meta":{"_acf_changed":false,"footnotes":""},"class_list":["post-39","page","type-page","status-publish","has-post-thumbnail","hentry"],"acf":{"page_subheading":"Meet the passionate team at Ski Holidays Austria \u2014 your expert guides committed to delivering ski adventures and personalised experiences in Austria."},"_links":{"self":[{"href":"https:\/\/ski-holidays-austria.com\/pl\/wp-json\/wp\/v2\/pages\/39","targetHints":{"allow":["GET"]}}],"collection":[{"href":"https:\/\/ski-holidays-austria.com\/pl\/wp-json\/wp\/v2\/pages"}],"about":[{"href":"https:\/\/ski-holidays-austria.com\/pl\/wp-json\/wp\/v2\/types\/page"}],"author":[{"embeddable":true,"href":"https:\/\/ski-holidays-austria.com\/pl\/wp-json\/wp\/v2\/users\/38"}],"replies":[{"embeddable":true,"href":"https:\/\/ski-holidays-austria.com\/pl\/wp-json\/wp\/v2\/comments?post=39"}],"version-history":[{"count":6,"href":"https:\/\/ski-holidays-austria.com\/pl\/wp-json\/wp\/v2\/pages\/39\/revisions"}],"predecessor-version":[{"id":7163,"href":"https:\/\/ski-holidays-austria.com\/pl\/wp-json\/wp\/v2\/pages\/39\/revisions\/7163"}],"wp:featuredmedia":[{"embeddable":true,"href":"https:\/\/ski-holidays-austria.com\/pl\/wp-json\/wp\/v2\/media\/6858"}],"wp:attachment":[{"href":"https:\/\/ski-holidays-austria.com\/pl\/wp-json\/wp\/v2\/media?parent=39"}],"curies":[{"name":"wp","href":"https:\/\/api.w.org\/{rel}","templated":true}]}}