{"id":39,"date":"2023-01-16T13:14:25","date_gmt":"2023-01-16T13:14:25","guid":{"rendered":"https:\/\/ski-holidays-austria.com\/about-us\/"},"modified":"2023-08-04T15:36:23","modified_gmt":"2023-08-04T15:36:23","slug":"om-oss","status":"publish","type":"page","link":"https:\/\/ski-holidays-austria.com\/nb\/about-us\/","title":{"rendered":"Om oss"},"content":{"rendered":"<p>Teamet v\u00e5rt er et av de mest lidenskapelige og kunnskapsrike om den \u00f8sterrikske skiscenen du noensinne kan komme over. Denne lidenskapen springer ut av v\u00e5r dype kj\u00e6rlighet til \u00d8sterrike, de sn\u00f8dekte toppene og adrenalinkicket som f\u00f8lger med n\u00e5r man suser nedover disse fantastiske bakkene. Med <strong>mange \u00e5rs erfaring<\/strong> Vi er klare til \u00e5 hjelpe deg med \u00e5 navigere i denne spennende verdenen av skiferier i \u00d8sterrike.<\/p>\n\n\n\n<figure class=\"wp-block-image size-large\"><img loading=\"lazy\" decoding=\"async\" width=\"1024\" height=\"680\" src=\"https:\/\/ski-holidays-austria.com\/wp-content\/uploads\/chairlift-on-the-slopes-1024x680.webp\" alt=\"Sessellift\" class=\"wp-image-6891\" srcset=\"https:\/\/ski-holidays-austria.com\/wp-content\/uploads\/\/chairlift-on-the-slopes-1024x680.webp 1024w, https:\/\/ski-holidays-austria.com\/wp-content\/uploads\/\/chairlift-on-the-slopes-300x199.webp 300w, https:\/\/ski-holidays-austria.com\/wp-content\/uploads\/\/chairlift-on-the-slopes-768x510.webp 768w, https:\/\/ski-holidays-austria.com\/wp-content\/uploads\/\/chairlift-on-the-slopes-1536x1020.webp 1536w, https:\/\/ski-holidays-austria.com\/wp-content\/uploads\/\/chairlift-on-the-slopes-2048x1360.webp 2048w, https:\/\/ski-holidays-austria.com\/wp-content\/uploads\/\/chairlift-on-the-slopes-18x12.webp 18w, https:\/\/ski-holidays-austria.com\/wp-content\/uploads\/\/chairlift-on-the-slopes-scaled.webp 1920w\" sizes=\"auto, (max-width: 1024px) 100vw, 1024px\" \/><\/figure>\n\n\n\n<p>For mange er \u00d8sterrike mer enn bare et reisem\u00e5l - det er en <strong>Mekka for skientusiaster<\/strong>. Men vi er overbevist om at det byr p\u00e5 s\u00e5 mye mer enn bare spennende skil\u00f8yper. Tenk deg at du kan tilbringe dagene omgitt av et fantastisk fjellandskap, sjarmerende, autentiske alpelandsbyer og en rekke vinteraktiviteter som passer for alle. Og la oss ikke glemme den fantastiske afterskien - det finnes ikke noe bedre enn \u00e5 avslutte en dag i bakken med en varm drink og levende musikk i en koselig fjellstue.<\/p>\n\n\n\n<h2 class=\"wp-block-heading\">Om v\u00e5rt unge team<\/h2>\n\n\n\n<p>Teamet v\u00e5rt er en <strong>en sammensveiset gruppe lidenskapelige mennesker<\/strong> som er mer enn bare ansatte - vi er entusiastiske skil\u00f8pere, turg\u00e5ere og elskere av alt som har med \u00d8sterrike \u00e5 gj\u00f8re. V\u00e5r dype forst\u00e5else og forst\u00e5else for vintersport og det fantastiske \u00f8sterrikske landskapet gj\u00f8r oss til de perfekte guidene for skiferien din. Vi har gjort det til v\u00e5r oppgave \u00e5 hjelpe andre til \u00e5 oppleve den spenningen, moroa og skj\u00f8nnheten som vi s\u00e5 ofte hengir oss til.<\/p>\n\n\n\n<figure class=\"wp-block-image size-large\"><img loading=\"lazy\" decoding=\"async\" width=\"1024\" height=\"768\" src=\"https:\/\/ski-holidays-austria.com\/wp-content\/uploads\/arlberg-ski-area-in-lech-1024x768.webp\" alt=\"Panoramautsikt over l\u00f8yper, skibakker og fjell i det edle skistedet Lech Zuers, en del av skiomr\u00e5det Arlberg. Vorarlberg, \u00d8sterrike.\" class=\"wp-image-6349\" srcset=\"https:\/\/ski-holidays-austria.com\/wp-content\/uploads\/\/arlberg-ski-area-in-lech-1024x768.webp 1024w, https:\/\/ski-holidays-austria.com\/wp-content\/uploads\/\/arlberg-ski-area-in-lech-300x225.webp 300w, https:\/\/ski-holidays-austria.com\/wp-content\/uploads\/\/arlberg-ski-area-in-lech-768x576.webp 768w, https:\/\/ski-holidays-austria.com\/wp-content\/uploads\/\/arlberg-ski-area-in-lech-1536x1152.webp 1536w, https:\/\/ski-holidays-austria.com\/wp-content\/uploads\/\/arlberg-ski-area-in-lech-2048x1536.webp 2048w, https:\/\/ski-holidays-austria.com\/wp-content\/uploads\/\/arlberg-ski-area-in-lech-16x12.webp 16w, https:\/\/ski-holidays-austria.com\/wp-content\/uploads\/\/arlberg-ski-area-in-lech-scaled.webp 1920w\" sizes=\"auto, (max-width: 1024px) 100vw, 1024px\" \/><\/figure>\n\n\n\n<p>Vi gj\u00f8r skiferien til en lek <strong>ved \u00e5 ta h\u00e5nd om alle de sm\u00e5 detaljene.<\/strong>. Fra \u00e5 booke overnattingssteder som passer din stil og ditt budsjett til \u00e5 legge opp detaljerte, personlige reiseruter som maksimerer ferieopplevelsen din. Hos oss trenger du ikke \u00e5 bekymre deg for skipass, transport eller logistikk - vi har alt under kontroll. I tillegg er vi alltid tilgjengelig med support d\u00f8gnet rundt for \u00e5 sikre at skiferien din g\u00e5r knirkefritt.<\/p>\n\n\n\n<h2 class=\"wp-block-heading\">Kom og utforsk med skiferier i \u00d8sterrike<\/h2>\n\n\n\n<p>Spennende landskap, innbydende landsbyer, rike tradisjoner og fantastiske skibakker - det er dette \u00d8sterrike handler om. Vi inviterer deg hjertelig til \u00e5 utforske det mangfoldige utvalget av <a href=\"https:\/\/ski-holidays-austria.com\/nb\/\">Skiferie i \u00d8sterrike<\/a> vi har kuratert for deg.&nbsp;<\/p>\n\n\n\n<p>Hver enkelt pakke er utviklet med stor omhu og en dyp forst\u00e5else for hva som gj\u00f8r en skiferie uforglemmelig. Enten du er en erfaren proff p\u00e5 jakt etter nye utfordringer eller en nybegynner som setter foten i bakken for f\u00f8rste gang, har vi noe for enhver smak.<\/p>\n\n\n\n<p>Her er noen andre ideer til skiferier:<\/p>\n\n\n\n<ul class=\"wp-block-list\">\n<li><a href=\"https:\/\/sloveniaskiholidays.com\/\">Skiferie i Slovenia<\/a><\/li>\n\n\n\n<li><a href=\"https:\/\/skiholidaysdolomites.com\/\">Skiferie Dolomittene<\/a><\/li>\n\n\n\n<li><a href=\"https:\/\/skiholidaysitaly.com\/\">Skiferier i Italia<\/a><\/li>\n<\/ul>","protected":false},"excerpt":{"rendered":"<p>Teamet v\u00e5rt er et av de mest lidenskapelige og kunnskapsrike om den \u00f8sterrikske skiscenen du kan komme over. Denne lidenskapen springer ut av v\u00e5r dype kj\u00e6rlighet til \u00d8sterrike, de sn\u00f8dekte toppene og adrenalinkicket som f\u00f8lger med n\u00e5r man suser nedover disse fantastiske bakkene. Med mange \u00e5rs erfaring med \u00e5 utforske sn\u00f8dekte l\u00f8yper er vi klare til \u00e5 ... <a href=\"https:\/\/ski-holidays-austria.com\/nb\/about-us\/\">Fortsettelse<\/a><\/p>","protected":false},"author":38,"featured_media":6858,"parent":0,"menu_order":0,"comment_status":"open","ping_status":"open","template":"","meta":{"_acf_changed":false,"footnotes":""},"class_list":["post-39","page","type-page","status-publish","has-post-thumbnail","hentry"],"acf":{"page_subheading":"Meet the passionate team at Ski Holidays Austria \u2014 your expert guides committed to delivering ski adventures and personalised experiences in Austria."},"_links":{"self":[{"href":"https:\/\/ski-holidays-austria.com\/nb\/wp-json\/wp\/v2\/pages\/39","targetHints":{"allow":["GET"]}}],"collection":[{"href":"https:\/\/ski-holidays-austria.com\/nb\/wp-json\/wp\/v2\/pages"}],"about":[{"href":"https:\/\/ski-holidays-austria.com\/nb\/wp-json\/wp\/v2\/types\/page"}],"author":[{"embeddable":true,"href":"https:\/\/ski-holidays-austria.com\/nb\/wp-json\/wp\/v2\/users\/38"}],"replies":[{"embeddable":true,"href":"https:\/\/ski-holidays-austria.com\/nb\/wp-json\/wp\/v2\/comments?post=39"}],"version-history":[{"count":6,"href":"https:\/\/ski-holidays-austria.com\/nb\/wp-json\/wp\/v2\/pages\/39\/revisions"}],"predecessor-version":[{"id":7163,"href":"https:\/\/ski-holidays-austria.com\/nb\/wp-json\/wp\/v2\/pages\/39\/revisions\/7163"}],"wp:featuredmedia":[{"embeddable":true,"href":"https:\/\/ski-holidays-austria.com\/nb\/wp-json\/wp\/v2\/media\/6858"}],"wp:attachment":[{"href":"https:\/\/ski-holidays-austria.com\/nb\/wp-json\/wp\/v2\/media?parent=39"}],"curies":[{"name":"wp","href":"https:\/\/api.w.org\/{rel}","templated":true}]}}