{"id":39,"date":"2023-01-16T13:14:25","date_gmt":"2023-01-16T13:14:25","guid":{"rendered":"https:\/\/ski-holidays-austria.com\/about-us\/"},"modified":"2023-08-04T15:36:23","modified_gmt":"2023-08-04T15:36:23","slug":"chi-siamo","status":"publish","type":"page","link":"https:\/\/ski-holidays-austria.com\/it\/about-us\/","title":{"rendered":"Chi siamo"},"content":{"rendered":"<p>Il nostro team \u00e8 uno dei pi\u00f9 appassionati e preparati sulla scena sciistica austriaca che possiate mai incontrare. Questa passione deriva dal nostro profondo amore per l'Austria, per le sue cime innevate e per l'adrenalina che si prova scendendo da queste magnifiche piste. Con <strong>anni di esperienza<\/strong> Siamo pronti ad aiutarvi a navigare nell'emozionante mondo delle vacanze sulla neve in Austria.<\/p>\n\n\n\n<figure class=\"wp-block-image size-large\"><img loading=\"lazy\" decoding=\"async\" width=\"1024\" height=\"680\" src=\"https:\/\/ski-holidays-austria.com\/wp-content\/uploads\/chairlift-on-the-slopes-1024x680.webp\" alt=\"Sessellift\" class=\"wp-image-6891\" srcset=\"https:\/\/ski-holidays-austria.com\/wp-content\/uploads\/\/chairlift-on-the-slopes-1024x680.webp 1024w, https:\/\/ski-holidays-austria.com\/wp-content\/uploads\/\/chairlift-on-the-slopes-300x199.webp 300w, https:\/\/ski-holidays-austria.com\/wp-content\/uploads\/\/chairlift-on-the-slopes-768x510.webp 768w, https:\/\/ski-holidays-austria.com\/wp-content\/uploads\/\/chairlift-on-the-slopes-1536x1020.webp 1536w, https:\/\/ski-holidays-austria.com\/wp-content\/uploads\/\/chairlift-on-the-slopes-2048x1360.webp 2048w, https:\/\/ski-holidays-austria.com\/wp-content\/uploads\/\/chairlift-on-the-slopes-18x12.webp 18w, https:\/\/ski-holidays-austria.com\/wp-content\/uploads\/\/chairlift-on-the-slopes-scaled.webp 1920w\" sizes=\"auto, (max-width: 1024px) 100vw, 1024px\" \/><\/figure>\n\n\n\n<p>Per molti, l'Austria \u00e8 pi\u00f9 di una semplice destinazione: \u00e8 una <strong>mecca per gli appassionati di sci<\/strong>. Ma crediamo che offra molto di pi\u00f9 delle esaltanti piste da sci. Immaginate di trascorrere le vostre giornate circondati da splendidi paesaggi montani, affascinanti villaggi alpini autentici e una variet\u00e0 di attivit\u00e0 invernali che soddisfano tutti. E non dimentichiamo il fantastico apr\u00e8s ski: non c'\u00e8 niente di meglio che concludere una giornata sulle piste con una bevanda calda e un po' di musica dal vivo in un'accogliente baita di montagna.<\/p>\n\n\n\n<h2 class=\"wp-block-heading\">Il nostro giovane team<\/h2>\n\n\n\n<p>Il nostro team \u00e8 un <strong>un gruppo affiatato di persone appassionate<\/strong> che sono pi\u00f9 che semplici dipendenti: siamo sciatori entusiasti, escursionisti e amanti di tutto ci\u00f2 che \u00e8 austriaco. La nostra profonda conoscenza e il nostro apprezzamento per gli sport invernali e per il paesaggio austriaco mozzafiato ci rendono le guide perfette per la vostra vacanza sulla neve. La nostra missione \u00e8 aiutare gli altri a provare il brivido, il divertimento e la bellezza che noi spesso ci concediamo.<\/p>\n\n\n\n<figure class=\"wp-block-image size-large\"><img loading=\"lazy\" decoding=\"async\" width=\"1024\" height=\"768\" src=\"https:\/\/ski-holidays-austria.com\/wp-content\/uploads\/arlberg-ski-area-in-lech-1024x768.webp\" alt=\"Vista panoramica delle piste, dei pendii e delle montagne della nobile stazione sciistica di Lech Zuers, parte del comprensorio sciistico dell&#039;Arlberg. Vorarlberg, Austria.\" class=\"wp-image-6349\" srcset=\"https:\/\/ski-holidays-austria.com\/wp-content\/uploads\/\/arlberg-ski-area-in-lech-1024x768.webp 1024w, https:\/\/ski-holidays-austria.com\/wp-content\/uploads\/\/arlberg-ski-area-in-lech-300x225.webp 300w, https:\/\/ski-holidays-austria.com\/wp-content\/uploads\/\/arlberg-ski-area-in-lech-768x576.webp 768w, https:\/\/ski-holidays-austria.com\/wp-content\/uploads\/\/arlberg-ski-area-in-lech-1536x1152.webp 1536w, https:\/\/ski-holidays-austria.com\/wp-content\/uploads\/\/arlberg-ski-area-in-lech-2048x1536.webp 2048w, https:\/\/ski-holidays-austria.com\/wp-content\/uploads\/\/arlberg-ski-area-in-lech-16x12.webp 16w, https:\/\/ski-holidays-austria.com\/wp-content\/uploads\/\/arlberg-ski-area-in-lech-scaled.webp 1920w\" sizes=\"auto, (max-width: 1024px) 100vw, 1024px\" \/><\/figure>\n\n\n\n<p>Rendiamo la vostra vacanza sulla neve un gioco da ragazzi <strong>prendendosi cura di tutti i dettagli pi\u00f9 piccoli<\/strong>. Dalla prenotazione di alloggi adatti al vostro stile e al vostro budget alla fornitura di itinerari dettagliati e personalizzati che massimizzano la vostra esperienza di vacanza. Con noi non c'\u00e8 bisogno di preoccuparsi di skipass, trasferimenti e logistica: abbiamo tutto sotto controllo. Inoltre, siamo sempre a disposizione con un'assistenza 24 ore su 24, 7 giorni su 7, per garantire che la vostra vacanza sugli sci si svolga senza intoppi.<\/p>\n\n\n\n<h2 class=\"wp-block-heading\">Venite ad esplorare con le vacanze sulla neve in Austria<\/h2>\n\n\n\n<p>Paesaggi intriganti, villaggi accoglienti, ricche tradizioni e piste da sci mozzafiato: ecco cosa \u00e8 l'Austria. Vi invitiamo cordialmente a esplorare la variet\u00e0 di <a href=\"https:\/\/ski-holidays-austria.com\/it\/\">Vacanze sulla neve in Austria<\/a> che abbiamo curato per voi.&nbsp;<\/p>\n\n\n\n<p>Ogni pacchetto \u00e8 realizzato con grande cura e con una profonda conoscenza di ci\u00f2 che rende una vacanza sulla neve davvero indimenticabile. Che si tratti di un professionista esperto in cerca di nuove sfide o di un principiante che mette piede sulle piste per la prima volta, la nostra gamma di offerte promette qualcosa per tutti.<\/p>\n\n\n\n<p>Ecco altre idee per fughe sugli sci:<\/p>\n\n\n\n<ul class=\"wp-block-list\">\n<li><a href=\"https:\/\/sloveniaskiholidays.com\/\">Vacanze sulla neve in Slovenia<\/a><\/li>\n\n\n\n<li><a href=\"https:\/\/skiholidaysdolomites.com\/\">Vacanze sulla neve Dolomiti<\/a><\/li>\n\n\n\n<li><a href=\"https:\/\/skiholidaysitaly.com\/\">Vacanze sulla neve in Italia<\/a><\/li>\n<\/ul>","protected":false},"excerpt":{"rendered":"<p>Il nostro team \u00e8 uno dei pi\u00f9 appassionati e preparati sulla scena sciistica austriaca che possiate mai incontrare. Questa passione deriva dal nostro profondo amore per l'Austria, per le sue cime innevate e per l'adrenalina che si prova scendendo da queste magnifiche piste. Con anni di esperienza nell'esplorazione di piste innevate, siamo pronti a ... <a href=\"https:\/\/ski-holidays-austria.com\/it\/about-us\/\">Continua<\/a><\/p>","protected":false},"author":38,"featured_media":6858,"parent":0,"menu_order":0,"comment_status":"open","ping_status":"open","template":"","meta":{"_acf_changed":false,"footnotes":""},"class_list":["post-39","page","type-page","status-publish","has-post-thumbnail","hentry"],"acf":{"page_subheading":"Meet the passionate team at Ski Holidays Austria \u2014 your expert guides committed to delivering ski adventures and personalised experiences in Austria."},"_links":{"self":[{"href":"https:\/\/ski-holidays-austria.com\/it\/wp-json\/wp\/v2\/pages\/39","targetHints":{"allow":["GET"]}}],"collection":[{"href":"https:\/\/ski-holidays-austria.com\/it\/wp-json\/wp\/v2\/pages"}],"about":[{"href":"https:\/\/ski-holidays-austria.com\/it\/wp-json\/wp\/v2\/types\/page"}],"author":[{"embeddable":true,"href":"https:\/\/ski-holidays-austria.com\/it\/wp-json\/wp\/v2\/users\/38"}],"replies":[{"embeddable":true,"href":"https:\/\/ski-holidays-austria.com\/it\/wp-json\/wp\/v2\/comments?post=39"}],"version-history":[{"count":6,"href":"https:\/\/ski-holidays-austria.com\/it\/wp-json\/wp\/v2\/pages\/39\/revisions"}],"predecessor-version":[{"id":7163,"href":"https:\/\/ski-holidays-austria.com\/it\/wp-json\/wp\/v2\/pages\/39\/revisions\/7163"}],"wp:featuredmedia":[{"embeddable":true,"href":"https:\/\/ski-holidays-austria.com\/it\/wp-json\/wp\/v2\/media\/6858"}],"wp:attachment":[{"href":"https:\/\/ski-holidays-austria.com\/it\/wp-json\/wp\/v2\/media?parent=39"}],"curies":[{"name":"wp","href":"https:\/\/api.w.org\/{rel}","templated":true}]}}