{"id":39,"date":"2023-01-16T13:14:25","date_gmt":"2023-01-16T13:14:25","guid":{"rendered":"https:\/\/ski-holidays-austria.com\/about-us\/"},"modified":"2023-08-04T15:36:23","modified_gmt":"2023-08-04T15:36:23","slug":"a-propos-de-nous","status":"publish","type":"page","link":"https:\/\/ski-holidays-austria.com\/fr\/about-us\/","title":{"rendered":"\u00c0 propos de nous"},"content":{"rendered":"<p>Notre \u00e9quipe est l'une des plus passionn\u00e9es et des mieux inform\u00e9es sur la sc\u00e8ne du ski autrichien que vous puissiez rencontrer. Cette passion \u00e9mane de notre amour profond pour l'Autriche, ses sommets enneig\u00e9s et la pouss\u00e9e d'adr\u00e9naline que procure le fait de d\u00e9valer ces magnifiques pentes. Avec <strong>ann\u00e9es d'exp\u00e9rience<\/strong> Nous sommes pr\u00eats \u00e0 vous aider \u00e0 naviguer dans le monde passionnant des vacances de ski en Autriche.<\/p>\n\n\n\n<figure class=\"wp-block-image size-large\"><img loading=\"lazy\" decoding=\"async\" width=\"1024\" height=\"680\" src=\"https:\/\/ski-holidays-austria.com\/wp-content\/uploads\/chairlift-on-the-slopes-1024x680.webp\" alt=\"Sessellift\" class=\"wp-image-6891\" srcset=\"https:\/\/ski-holidays-austria.com\/wp-content\/uploads\/\/chairlift-on-the-slopes-1024x680.webp 1024w, https:\/\/ski-holidays-austria.com\/wp-content\/uploads\/\/chairlift-on-the-slopes-300x199.webp 300w, https:\/\/ski-holidays-austria.com\/wp-content\/uploads\/\/chairlift-on-the-slopes-768x510.webp 768w, https:\/\/ski-holidays-austria.com\/wp-content\/uploads\/\/chairlift-on-the-slopes-1536x1020.webp 1536w, https:\/\/ski-holidays-austria.com\/wp-content\/uploads\/\/chairlift-on-the-slopes-2048x1360.webp 2048w, https:\/\/ski-holidays-austria.com\/wp-content\/uploads\/\/chairlift-on-the-slopes-18x12.webp 18w, https:\/\/ski-holidays-austria.com\/wp-content\/uploads\/\/chairlift-on-the-slopes-scaled.webp 1920w\" sizes=\"auto, (max-width: 1024px) 100vw, 1024px\" \/><\/figure>\n\n\n\n<p>Pour beaucoup, l'Autriche est plus qu'une simple destination, c'est un pays. <strong>La Mecque des amateurs de ski<\/strong>. Mais nous pensons qu'elle offre bien plus que des pistes de ski exaltantes. Imaginez que vous passiez vos journ\u00e9es entour\u00e9s de paysages de montagne \u00e9poustouflants, de charmants villages alpins authentiques et d'une vari\u00e9t\u00e9 d'activit\u00e9s hivernales qui s'adressent \u00e0 tout le monde. Et n'oublions pas le fantastique apr\u00e8s-ski - il n'y a rien de tel que de terminer une journ\u00e9e sur les pistes avec une boisson chaude et de la musique live dans un confortable chalet de montagne.<\/p>\n\n\n\n<h2 class=\"wp-block-heading\">\u00c0 propos de notre jeune \u00e9quipe<\/h2>\n\n\n\n<p>Notre \u00e9quipe est une <strong>un groupe soud\u00e9 de personnes passionn\u00e9es<\/strong> qui sont plus que de simples employ\u00e9s - nous sommes des skieurs enthousiastes, des randonneurs et des amoureux de tout ce qui est autrichien. Notre profonde compr\u00e9hension et appr\u00e9ciation des sports d'hiver et des paysages autrichiens \u00e0 couper le souffle font de nous les guides parfaits pour vos vacances au ski. Nous nous sommes donn\u00e9 pour mission d'aider les autres \u00e0 faire l'exp\u00e9rience des sensations fortes, du plaisir et de la beaut\u00e9 dont nous profitons si souvent.<\/p>\n\n\n\n<figure class=\"wp-block-image size-large\"><img loading=\"lazy\" decoding=\"async\" width=\"1024\" height=\"768\" src=\"https:\/\/ski-holidays-austria.com\/wp-content\/uploads\/arlberg-ski-area-in-lech-1024x768.webp\" alt=\"Vue panoramique des pistes de ski et des montagnes de la noble station de ski de Lech Zuers, qui fait partie du domaine skiable de l&#039;Arlberg. Vorarlberg, Autriche.\" class=\"wp-image-6349\" srcset=\"https:\/\/ski-holidays-austria.com\/wp-content\/uploads\/\/arlberg-ski-area-in-lech-1024x768.webp 1024w, https:\/\/ski-holidays-austria.com\/wp-content\/uploads\/\/arlberg-ski-area-in-lech-300x225.webp 300w, https:\/\/ski-holidays-austria.com\/wp-content\/uploads\/\/arlberg-ski-area-in-lech-768x576.webp 768w, https:\/\/ski-holidays-austria.com\/wp-content\/uploads\/\/arlberg-ski-area-in-lech-1536x1152.webp 1536w, https:\/\/ski-holidays-austria.com\/wp-content\/uploads\/\/arlberg-ski-area-in-lech-2048x1536.webp 2048w, https:\/\/ski-holidays-austria.com\/wp-content\/uploads\/\/arlberg-ski-area-in-lech-16x12.webp 16w, https:\/\/ski-holidays-austria.com\/wp-content\/uploads\/\/arlberg-ski-area-in-lech-scaled.webp 1920w\" sizes=\"auto, (max-width: 1024px) 100vw, 1024px\" \/><\/figure>\n\n\n\n<p>Nous faisons de vos vacances au ski un jeu d'enfant <strong>en s'occupant de tous les d\u00e9tails pratiques<\/strong>. De la r\u00e9servation d'h\u00e9bergements adapt\u00e9s \u00e0 votre style et \u00e0 votre budget \u00e0 la fourniture d'itin\u00e9raires d\u00e9taill\u00e9s et personnalis\u00e9s qui maximisent votre exp\u00e9rience de vacances. Avec nous, vous n'avez pas \u00e0 vous soucier des forfaits de ski, des transferts ou de la logistique - nous nous occupons de tout. De plus, nous sommes toujours disponibles, avec une assistance 24h\/24 et 7j\/7, pour que vos vacances de ski se d\u00e9roulent sans encombre.<\/p>\n\n\n\n<h2 class=\"wp-block-heading\">Partez \u00e0 la d\u00e9couverte de l'Autriche avec les vacances de ski<\/h2>\n\n\n\n<p>Des paysages intrigants, des villages accueillants, de riches traditions et des pistes de ski \u00e0 couper le souffle, voil\u00e0 ce qu'est l'Autriche. Nous vous invitons cordialement \u00e0 explorer la vari\u00e9t\u00e9 des paysages de l'Autriche. <a href=\"https:\/\/ski-holidays-austria.com\/fr\/\">Vacances de ski en Autriche<\/a> que nous avons s\u00e9lectionn\u00e9 pour vous.&nbsp;<\/p>\n\n\n\n<p>Chaque formule est \u00e9labor\u00e9e avec le plus grand soin et une profonde compr\u00e9hension de ce qui rend des vacances de ski vraiment inoubliables. Qu'il s'agisse d'un professionnel chevronn\u00e9 \u00e0 la recherche de nouveaux d\u00e9fis ou d'un d\u00e9butant qui met les pieds sur les pistes pour la premi\u00e8re fois, notre gamme d'offres promet quelque chose pour tout le monde.<\/p>\n\n\n\n<p>Voici d'autres id\u00e9es d'escapades au ski :<\/p>\n\n\n\n<ul class=\"wp-block-list\">\n<li><a href=\"https:\/\/sloveniaskiholidays.com\/\">Vacances de ski en Slov\u00e9nie<\/a><\/li>\n\n\n\n<li><a href=\"https:\/\/skiholidaysdolomites.com\/\">Vacances de ski dans les Dolomites<\/a><\/li>\n\n\n\n<li><a href=\"https:\/\/skiholidaysitaly.com\/\">Vacances au ski en Italie<\/a><\/li>\n<\/ul>","protected":false},"excerpt":{"rendered":"<p>Notre \u00e9quipe est l'une des plus passionn\u00e9es et des mieux inform\u00e9es sur la sc\u00e8ne du ski autrichien que vous puissiez rencontrer. Cette passion \u00e9mane de notre amour profond pour l'Autriche, ses sommets enneig\u00e9s et la pouss\u00e9e d'adr\u00e9naline que l'on ressent en d\u00e9valant ces magnifiques pentes. Avec des ann\u00e9es d'exp\u00e9rience dans l'exploration des pistes enneig\u00e9es, nous sommes pr\u00eats \u00e0 ... <a href=\"https:\/\/ski-holidays-austria.com\/fr\/about-us\/\">Suite<\/a><\/p>","protected":false},"author":38,"featured_media":6858,"parent":0,"menu_order":0,"comment_status":"open","ping_status":"open","template":"","meta":{"_acf_changed":false,"footnotes":""},"class_list":["post-39","page","type-page","status-publish","has-post-thumbnail","hentry"],"acf":{"page_subheading":"Meet the passionate team at Ski Holidays Austria \u2014 your expert guides committed to delivering ski adventures and personalised experiences in Austria."},"_links":{"self":[{"href":"https:\/\/ski-holidays-austria.com\/fr\/wp-json\/wp\/v2\/pages\/39","targetHints":{"allow":["GET"]}}],"collection":[{"href":"https:\/\/ski-holidays-austria.com\/fr\/wp-json\/wp\/v2\/pages"}],"about":[{"href":"https:\/\/ski-holidays-austria.com\/fr\/wp-json\/wp\/v2\/types\/page"}],"author":[{"embeddable":true,"href":"https:\/\/ski-holidays-austria.com\/fr\/wp-json\/wp\/v2\/users\/38"}],"replies":[{"embeddable":true,"href":"https:\/\/ski-holidays-austria.com\/fr\/wp-json\/wp\/v2\/comments?post=39"}],"version-history":[{"count":6,"href":"https:\/\/ski-holidays-austria.com\/fr\/wp-json\/wp\/v2\/pages\/39\/revisions"}],"predecessor-version":[{"id":7163,"href":"https:\/\/ski-holidays-austria.com\/fr\/wp-json\/wp\/v2\/pages\/39\/revisions\/7163"}],"wp:featuredmedia":[{"embeddable":true,"href":"https:\/\/ski-holidays-austria.com\/fr\/wp-json\/wp\/v2\/media\/6858"}],"wp:attachment":[{"href":"https:\/\/ski-holidays-austria.com\/fr\/wp-json\/wp\/v2\/media?parent=39"}],"curies":[{"name":"wp","href":"https:\/\/api.w.org\/{rel}","templated":true}]}}