{"id":39,"date":"2023-01-16T13:14:25","date_gmt":"2023-01-16T13:14:25","guid":{"rendered":"https:\/\/ski-holidays-austria.com\/about-us\/"},"modified":"2023-08-04T15:36:23","modified_gmt":"2023-08-04T15:36:23","slug":"meista","status":"publish","type":"page","link":"https:\/\/ski-holidays-austria.com\/fi\/about-us\/","title":{"rendered":"Tietoa meist\u00e4"},"content":{"rendered":"<p>Tiimimme on yksi intohimoisimmista ja asiantuntevimmista It\u00e4vallan hiihtokent\u00e4st\u00e4, johon voit koskaan t\u00f6rm\u00e4t\u00e4. T\u00e4m\u00e4 intohimo kumpuaa syv\u00e4st\u00e4 rakkaudestamme It\u00e4valtaan, sen lumihuippuisiin huippuihin ja adrenaliinip\u00f6hin\u00e4\u00e4n, joka syntyy, kun laskeudumme n\u00e4it\u00e4 upeita rinteit\u00e4 alas. Osoitteessa <strong>vuosien kokemus<\/strong> tutkimalla lumia polkuja, olemme valmiina auttamaan sinua It\u00e4vallan hiihtolomien j\u00e4nnitt\u00e4v\u00e4ss\u00e4 maailmassa.<\/p>\n\n\n\n<figure class=\"wp-block-image size-large\"><img loading=\"lazy\" decoding=\"async\" width=\"1024\" height=\"680\" src=\"https:\/\/ski-holidays-austria.com\/wp-content\/uploads\/chairlift-on-the-slopes-1024x680.webp\" alt=\"Sessellift\" class=\"wp-image-6891\" srcset=\"https:\/\/ski-holidays-austria.com\/wp-content\/uploads\/\/chairlift-on-the-slopes-1024x680.webp 1024w, https:\/\/ski-holidays-austria.com\/wp-content\/uploads\/\/chairlift-on-the-slopes-300x199.webp 300w, https:\/\/ski-holidays-austria.com\/wp-content\/uploads\/\/chairlift-on-the-slopes-768x510.webp 768w, https:\/\/ski-holidays-austria.com\/wp-content\/uploads\/\/chairlift-on-the-slopes-1536x1020.webp 1536w, https:\/\/ski-holidays-austria.com\/wp-content\/uploads\/\/chairlift-on-the-slopes-2048x1360.webp 2048w, https:\/\/ski-holidays-austria.com\/wp-content\/uploads\/\/chairlift-on-the-slopes-18x12.webp 18w, https:\/\/ski-holidays-austria.com\/wp-content\/uploads\/\/chairlift-on-the-slopes-scaled.webp 1920w\" sizes=\"auto, (max-width: 1024px) 100vw, 1024px\" \/><\/figure>\n\n\n\n<p>It\u00e4valta on monille enemm\u00e4n kuin pelkk\u00e4 matkakohde, se on my\u00f6s <strong>hiihtoharrastajien mekka<\/strong>. Uskomme kuitenkin, ett\u00e4 se tarjoaa paljon muutakin kuin vain riemastuttavia hiihtolenkkej\u00e4. Kuvittele viett\u00e4v\u00e4si p\u00e4iv\u00e4si upeiden vuoristomaisemien, vieh\u00e4tt\u00e4vien aitojen alppikylien ja monenlaisten talviaktiviteettien ymp\u00e4r\u00f6im\u00e4n\u00e4, jotka palvelevat kaikkia. Eik\u00e4 unohdeta my\u00f6sk\u00e4\u00e4n upeaa apr\u00e8s ski - mik\u00e4\u00e4n ei voita rinnep\u00e4iv\u00e4n p\u00e4\u00e4tt\u00e4mist\u00e4 l\u00e4mpim\u00e4n juoman ja el\u00e4v\u00e4n musiikin \u00e4\u00e4rell\u00e4 viihtyis\u00e4ss\u00e4 vuoristomajassa.<\/p>\n\n\n\n<h2 class=\"wp-block-heading\">Tietoa nuoresta tiimist\u00e4mme<\/h2>\n\n\n\n<p>Tiimimme on <strong>tiivis ryhm\u00e4 intohimoisia yksil\u00f6it\u00e4<\/strong> jotka ovat muutakin kuin ty\u00f6ntekij\u00f6it\u00e4 - olemme innokkaita hiiht\u00e4ji\u00e4, retkeilij\u00f6it\u00e4 ja kaiken it\u00e4valtalaisen yst\u00e4vi\u00e4. Syv\u00e4 ymm\u00e4rryksemme ja arvostuksemme talviurheilua ja henke\u00e4salpaavia it\u00e4valtalaisia maisemia kohtaan tekev\u00e4t meist\u00e4 t\u00e4ydelliset oppaat hiihtolomallesi. Olemme ottaneet teht\u00e4v\u00e4ksi auttaa muita kokemaan sen j\u00e4nnityksen, hauskuuden ja kauneuden, johon me niin usein heitt\u00e4ydymme.<\/p>\n\n\n\n<figure class=\"wp-block-image size-large\"><img loading=\"lazy\" decoding=\"async\" width=\"1024\" height=\"768\" src=\"https:\/\/ski-holidays-austria.com\/wp-content\/uploads\/arlberg-ski-area-in-lech-1024x768.webp\" alt=\"Panoraaman\u00e4kym\u00e4 Arlbergin hiihtoalueeseen kuuluvan jalon Lech Zuersin hiihtokeskuksen rinteille ja vuorille. Vorarlberg, It\u00e4valta.\" class=\"wp-image-6349\" srcset=\"https:\/\/ski-holidays-austria.com\/wp-content\/uploads\/\/arlberg-ski-area-in-lech-1024x768.webp 1024w, https:\/\/ski-holidays-austria.com\/wp-content\/uploads\/\/arlberg-ski-area-in-lech-300x225.webp 300w, https:\/\/ski-holidays-austria.com\/wp-content\/uploads\/\/arlberg-ski-area-in-lech-768x576.webp 768w, https:\/\/ski-holidays-austria.com\/wp-content\/uploads\/\/arlberg-ski-area-in-lech-1536x1152.webp 1536w, https:\/\/ski-holidays-austria.com\/wp-content\/uploads\/\/arlberg-ski-area-in-lech-2048x1536.webp 2048w, https:\/\/ski-holidays-austria.com\/wp-content\/uploads\/\/arlberg-ski-area-in-lech-16x12.webp 16w, https:\/\/ski-holidays-austria.com\/wp-content\/uploads\/\/arlberg-ski-area-in-lech-scaled.webp 1920w\" sizes=\"auto, (max-width: 1024px) 100vw, 1024px\" \/><\/figure>\n\n\n\n<p>Teemme hiihtolomastasi helpon <strong>huolehtimalla kaikista yksityiskohdista -<\/strong>. Meilt\u00e4 saat tyyliisi ja budjettiisi sopivan majoituksen ja yksityiskohtaiset, yksil\u00f6lliset matkasuunnitelmat, jotka maksimoivat lomakokemuksesi. Meid\u00e4n avullamme sinun ei tarvitse huolehtia hiihtolipuista, kuljetuksista tai logistiikasta - me hoidamme kaiken. Lis\u00e4ksi olemme aina valmiina 24\/7-tukemme avulla varmistamaan, ett\u00e4 hiihtolomasi sujuu ongelmitta.<\/p>\n\n\n\n<h2 class=\"wp-block-heading\">Tule ja tutustu hiihtolomiin It\u00e4vallassa<\/h2>\n\n\n\n<p>Kiehtovat maisemat, viihtyis\u00e4t kyl\u00e4t, rikkaat perinteet ja henke\u00e4salpaavat laskettelurinteet - t\u00e4t\u00e4 on It\u00e4valta. Kutsumme teid\u00e4t l\u00e4mpim\u00e4sti tutustumaan erilaisiin <a href=\"https:\/\/ski-holidays-austria.com\/fi\/\">Hiihtolomat It\u00e4vallassa<\/a> olemme kuratoinut sinulle.&nbsp;<\/p>\n\n\n\n<p>Jokainen paketti on laadittu huolella ja syv\u00e4ll\u00e4 ymm\u00e4rryksell\u00e4 siit\u00e4, mik\u00e4 tekee hiihtolomasta todella unohtumattoman. Olipa kyseess\u00e4 kokenut ammattilainen, joka etsii uusia haasteita, tai aloittelija, joka astuu rinteisiin ensimm\u00e4ist\u00e4 kertaa, valikoimamme tarjoaa jokaiselle jotakin.<\/p>\n\n\n\n<p>T\u00e4ss\u00e4 on muutamia muita ideoita hiihtolomalle:<\/p>\n\n\n\n<ul class=\"wp-block-list\">\n<li><a href=\"https:\/\/sloveniaskiholidays.com\/\">Slovenia Hiihtolomat<\/a><\/li>\n\n\n\n<li><a href=\"https:\/\/skiholidaysdolomites.com\/\">Hiihtolomat Dolomiitit<\/a><\/li>\n\n\n\n<li><a href=\"https:\/\/skiholidaysitaly.com\/\">Hiihtolomat Italia<\/a><\/li>\n<\/ul>","protected":false},"excerpt":{"rendered":"<p>Tiimimme on yksi intohimoisimmista ja asiantuntevimmista It\u00e4vallan hiihtokent\u00e4st\u00e4, johon voit koskaan t\u00f6rm\u00e4t\u00e4. T\u00e4m\u00e4 intohimo kumpuaa syv\u00e4st\u00e4 rakkaudestamme It\u00e4valtaan, sen lumihuippuisiin huippuihin ja adrenaliinip\u00f6hin\u00e4\u00e4n, joka syntyy, kun laskeudumme n\u00e4it\u00e4 upeita rinteit\u00e4 alas. Vuosien kokemuksella lumisilla radoilla olemme valmiita ... <a href=\"https:\/\/ski-holidays-austria.com\/fi\/about-us\/\">Jatkuu<\/a><\/p>","protected":false},"author":38,"featured_media":6858,"parent":0,"menu_order":0,"comment_status":"open","ping_status":"open","template":"","meta":{"_acf_changed":false,"footnotes":""},"class_list":["post-39","page","type-page","status-publish","has-post-thumbnail","hentry"],"acf":{"page_subheading":"Meet the passionate team at Ski Holidays Austria \u2014 your expert guides committed to delivering ski adventures and personalised experiences in Austria."},"_links":{"self":[{"href":"https:\/\/ski-holidays-austria.com\/fi\/wp-json\/wp\/v2\/pages\/39","targetHints":{"allow":["GET"]}}],"collection":[{"href":"https:\/\/ski-holidays-austria.com\/fi\/wp-json\/wp\/v2\/pages"}],"about":[{"href":"https:\/\/ski-holidays-austria.com\/fi\/wp-json\/wp\/v2\/types\/page"}],"author":[{"embeddable":true,"href":"https:\/\/ski-holidays-austria.com\/fi\/wp-json\/wp\/v2\/users\/38"}],"replies":[{"embeddable":true,"href":"https:\/\/ski-holidays-austria.com\/fi\/wp-json\/wp\/v2\/comments?post=39"}],"version-history":[{"count":6,"href":"https:\/\/ski-holidays-austria.com\/fi\/wp-json\/wp\/v2\/pages\/39\/revisions"}],"predecessor-version":[{"id":7163,"href":"https:\/\/ski-holidays-austria.com\/fi\/wp-json\/wp\/v2\/pages\/39\/revisions\/7163"}],"wp:featuredmedia":[{"embeddable":true,"href":"https:\/\/ski-holidays-austria.com\/fi\/wp-json\/wp\/v2\/media\/6858"}],"wp:attachment":[{"href":"https:\/\/ski-holidays-austria.com\/fi\/wp-json\/wp\/v2\/media?parent=39"}],"curies":[{"name":"wp","href":"https:\/\/api.w.org\/{rel}","templated":true}]}}