{"id":39,"date":"2023-01-16T13:14:25","date_gmt":"2023-01-16T13:14:25","guid":{"rendered":"https:\/\/ski-holidays-austria.com\/about-us\/"},"modified":"2023-08-04T15:36:23","modified_gmt":"2023-08-04T15:36:23","slug":"acerca-de-nosotros","status":"publish","type":"page","link":"https:\/\/ski-holidays-austria.com\/es\/about-us\/","title":{"rendered":"Qui\u00e9nes somos"},"content":{"rendered":"<p>Nuestro equipo es uno de los m\u00e1s apasionados y conocedores de la escena del esqu\u00ed austriaco. Esta pasi\u00f3n emana de nuestro profundo amor por Austria, sus picos nevados y la adrenalina que se siente al descender por estas magn\u00edficas pistas. En <strong>a\u00f1os de experiencia<\/strong> explorando senderos nevados, estamos preparados para ayudarle a navegar por este apasionante mundo de las vacaciones de esqu\u00ed en Austria.<\/p>\n\n\n\n<figure class=\"wp-block-image size-large\"><img loading=\"lazy\" decoding=\"async\" width=\"1024\" height=\"680\" src=\"https:\/\/ski-holidays-austria.com\/wp-content\/uploads\/chairlift-on-the-slopes-1024x680.webp\" alt=\"Sessellift\" class=\"wp-image-6891\" srcset=\"https:\/\/ski-holidays-austria.com\/wp-content\/uploads\/\/chairlift-on-the-slopes-1024x680.webp 1024w, https:\/\/ski-holidays-austria.com\/wp-content\/uploads\/\/chairlift-on-the-slopes-300x199.webp 300w, https:\/\/ski-holidays-austria.com\/wp-content\/uploads\/\/chairlift-on-the-slopes-768x510.webp 768w, https:\/\/ski-holidays-austria.com\/wp-content\/uploads\/\/chairlift-on-the-slopes-1536x1020.webp 1536w, https:\/\/ski-holidays-austria.com\/wp-content\/uploads\/\/chairlift-on-the-slopes-2048x1360.webp 2048w, https:\/\/ski-holidays-austria.com\/wp-content\/uploads\/\/chairlift-on-the-slopes-18x12.webp 18w, https:\/\/ski-holidays-austria.com\/wp-content\/uploads\/\/chairlift-on-the-slopes-scaled.webp 1920w\" sizes=\"auto, (max-width: 1024px) 100vw, 1024px\" \/><\/figure>\n\n\n\n<p>Para muchos, Austria es algo m\u00e1s que un destino. <strong>meca para los amantes del esqu\u00ed<\/strong>. Pero creemos que ofrece mucho m\u00e1s que estimulantes pistas de esqu\u00ed. Imag\u00ednese pasar sus d\u00edas rodeado de impresionantes paisajes de monta\u00f1a, encantadores pueblos alpinos aut\u00e9nticos y una gran variedad de actividades de invierno para todos los gustos. Y no nos olvidemos del fant\u00e1stico apr\u00e8s ski: no hay nada como terminar un d\u00eda en las pistas con una bebida caliente y m\u00fasica en directo en un acogedor refugio de monta\u00f1a.<\/p>\n\n\n\n<h2 class=\"wp-block-heading\">Acerca de nuestro joven equipo<\/h2>\n\n\n\n<p>Nuestro equipo es un <strong>un grupo muy unido de personas apasionadas<\/strong> que somos algo m\u00e1s que empleados: somos esquiadores entusiastas, excursionistas y amantes de todo lo austriaco. Nuestro profundo conocimiento y aprecio por los deportes de invierno y el impresionante paisaje austriaco nos convierten en los gu\u00edas perfectos para sus vacaciones de esqu\u00ed. Nuestra misi\u00f3n es ayudar a los dem\u00e1s a experimentar la emoci\u00f3n, la diversi\u00f3n y la belleza que nosotros disfrutamos tan a menudo.<\/p>\n\n\n\n<figure class=\"wp-block-image size-large\"><img loading=\"lazy\" decoding=\"async\" width=\"1024\" height=\"768\" src=\"https:\/\/ski-holidays-austria.com\/wp-content\/uploads\/arlberg-ski-area-in-lech-1024x768.webp\" alt=\"Vista panor\u00e1mica de las pistas y monta\u00f1as de la noble estaci\u00f3n de esqu\u00ed de Lech Zuers, que forma parte del dominio esquiable de Arlberg. Vorarlberg, Austria.\" class=\"wp-image-6349\" srcset=\"https:\/\/ski-holidays-austria.com\/wp-content\/uploads\/\/arlberg-ski-area-in-lech-1024x768.webp 1024w, https:\/\/ski-holidays-austria.com\/wp-content\/uploads\/\/arlberg-ski-area-in-lech-300x225.webp 300w, https:\/\/ski-holidays-austria.com\/wp-content\/uploads\/\/arlberg-ski-area-in-lech-768x576.webp 768w, https:\/\/ski-holidays-austria.com\/wp-content\/uploads\/\/arlberg-ski-area-in-lech-1536x1152.webp 1536w, https:\/\/ski-holidays-austria.com\/wp-content\/uploads\/\/arlberg-ski-area-in-lech-2048x1536.webp 2048w, https:\/\/ski-holidays-austria.com\/wp-content\/uploads\/\/arlberg-ski-area-in-lech-16x12.webp 16w, https:\/\/ski-holidays-austria.com\/wp-content\/uploads\/\/arlberg-ski-area-in-lech-scaled.webp 1920w\" sizes=\"auto, (max-width: 1024px) 100vw, 1024px\" \/><\/figure>\n\n\n\n<p>Facilitamos sus vacaciones de esqu\u00ed <strong>ocup\u00e1ndose de todos los detalles.<\/strong>. Desde reservar alojamientos que se adapten a su estilo y presupuesto hasta proporcionarle itinerarios detallados y personalizados que maximicen su experiencia vacacional. Con nosotros, no tendr\u00e1 que preocuparse por los forfaits, los traslados o la log\u00edstica: lo tenemos todo cubierto. Adem\u00e1s, siempre estamos a su disposici\u00f3n con asistencia 24 horas al d\u00eda, 7 d\u00edas a la semana, para asegurarnos de que sus vacaciones de esqu\u00ed transcurran sin contratiempos.<\/p>\n\n\n\n<h2 class=\"wp-block-heading\">Ven a explorar Austria con vacaciones de esqu\u00ed<\/h2>\n\n\n\n<p>Paisajes fascinantes, pueblos acogedores, ricas tradiciones e impresionantes pistas de esqu\u00ed: esto es Austria. Le invitamos cordialmente a explorar la variedad de <a href=\"https:\/\/ski-holidays-austria.com\/es\/\">Vacaciones de esqu\u00ed en Austria<\/a> que hemos preparado para usted.&nbsp;<\/p>\n\n\n\n<p>Cada paquete se elabora con gran esmero y un profundo conocimiento de lo que hace que unas vacaciones de esqu\u00ed sean realmente inolvidables. Tanto si es un profesional experimentado en busca de nuevos retos como si es un principiante que pisa las pistas por primera vez, nuestra oferta promete algo para todos los gustos.<\/p>\n\n\n\n<p>Aqu\u00ed tienes otras ideas para escapadas de esqu\u00ed:<\/p>\n\n\n\n<ul class=\"wp-block-list\">\n<li><a href=\"https:\/\/sloveniaskiholidays.com\/\">Vacaciones de esqu\u00ed en Eslovenia<\/a><\/li>\n\n\n\n<li><a href=\"https:\/\/skiholidaysdolomites.com\/\">Vacaciones de esqu\u00ed en los Dolomitas<\/a><\/li>\n\n\n\n<li><a href=\"https:\/\/skiholidaysitaly.com\/\">Vacaciones de esqu\u00ed en Italia<\/a><\/li>\n<\/ul>","protected":false},"excerpt":{"rendered":"<p>Nuestro equipo es uno de los m\u00e1s apasionados y conocedores de la escena del esqu\u00ed austriaco. Esta pasi\u00f3n emana de nuestro profundo amor por Austria, sus picos nevados y la adrenalina que se siente al descender por estas magn\u00edficas pistas. Con a\u00f1os de experiencia explorando pistas nevadas, estamos preparados para ... <a href=\"https:\/\/ski-holidays-austria.com\/es\/about-us\/\">Contin\u00faa en<\/a><\/p>","protected":false},"author":38,"featured_media":6858,"parent":0,"menu_order":0,"comment_status":"open","ping_status":"open","template":"","meta":{"_acf_changed":false,"footnotes":""},"class_list":["post-39","page","type-page","status-publish","has-post-thumbnail","hentry"],"acf":{"page_subheading":"Meet the passionate team at Ski Holidays Austria \u2014 your expert guides committed to delivering ski adventures and personalised experiences in Austria."},"_links":{"self":[{"href":"https:\/\/ski-holidays-austria.com\/es\/wp-json\/wp\/v2\/pages\/39","targetHints":{"allow":["GET"]}}],"collection":[{"href":"https:\/\/ski-holidays-austria.com\/es\/wp-json\/wp\/v2\/pages"}],"about":[{"href":"https:\/\/ski-holidays-austria.com\/es\/wp-json\/wp\/v2\/types\/page"}],"author":[{"embeddable":true,"href":"https:\/\/ski-holidays-austria.com\/es\/wp-json\/wp\/v2\/users\/38"}],"replies":[{"embeddable":true,"href":"https:\/\/ski-holidays-austria.com\/es\/wp-json\/wp\/v2\/comments?post=39"}],"version-history":[{"count":6,"href":"https:\/\/ski-holidays-austria.com\/es\/wp-json\/wp\/v2\/pages\/39\/revisions"}],"predecessor-version":[{"id":7163,"href":"https:\/\/ski-holidays-austria.com\/es\/wp-json\/wp\/v2\/pages\/39\/revisions\/7163"}],"wp:featuredmedia":[{"embeddable":true,"href":"https:\/\/ski-holidays-austria.com\/es\/wp-json\/wp\/v2\/media\/6858"}],"wp:attachment":[{"href":"https:\/\/ski-holidays-austria.com\/es\/wp-json\/wp\/v2\/media?parent=39"}],"curies":[{"name":"wp","href":"https:\/\/api.w.org\/{rel}","templated":true}]}}